{"id":399,"date":"2026-01-10T21:24:15","date_gmt":"2026-01-10T21:24:15","guid":{"rendered":"https:\/\/xn--scootervident-hhb.store\/?page_id=399"},"modified":"2026-01-10T22:50:23","modified_gmt":"2026-01-10T22:50:23","slug":"elementor-page-399","status":"publish","type":"page","link":"https:\/\/xn--scootervident-hhb.store\/en\/elementor-page-399\/","title":{"rendered":"Privacy policy"},"content":{"rendered":"<div data-elementor-type=\"wp-page\" data-elementor-id=\"399\" class=\"elementor elementor-399\">\n\t\t\t\t<div class=\"elementor-element elementor-element-c27824f e-flex e-con-boxed e-con e-parent\" data-id=\"c27824f\" data-element_type=\"container\" data-e-type=\"container\">\n\t\t\t\t\t<div class=\"e-con-inner\">\n\t\t\t\t<div class=\"elementor-element elementor-element-6462055 elementor-widget-divider--view-line elementor-widget elementor-widget-divider\" data-id=\"6462055\" data-element_type=\"widget\" data-e-type=\"widget\" data-widget_type=\"divider.default\">\n\t\t\t\t\t\t\t<div class=\"elementor-divider\">\n\t\t\t<span class=\"elementor-divider-separator\">\n\t\t\t\t\t\t<\/span>\n\t\t<\/div>\n\t\t\t\t\t\t<\/div>\n\t\t\t\t<div class=\"elementor-element elementor-element-9938bed elementor-widget elementor-widget-heading\" data-id=\"9938bed\" data-element_type=\"widget\" data-e-type=\"widget\" data-widget_type=\"heading.default\">\n\t\t\t\t\t<h2 class=\"elementor-heading-title elementor-size-default\">Privacy policy<\/h2>\t\t\t\t<\/div>\n\t\t\t\t\t<\/div>\n\t\t\t\t<\/div>\n\t\t<div class=\"elementor-element elementor-element-bcee09f e-flex e-con-boxed e-con e-parent\" data-id=\"bcee09f\" data-element_type=\"container\" data-e-type=\"container\">\n\t\t\t\t\t<div class=\"e-con-inner\">\n\t\t\t\t<div class=\"elementor-element elementor-element-72e2032 elementor-widget__width-initial elementor-widget elementor-widget-text-editor\" data-id=\"72e2032\" data-element_type=\"widget\" data-e-type=\"widget\" data-widget_type=\"text-editor.default\">\n\t\t\t\t\t\t\t\t\t<h2 data-start=\"204\" data-end=\"247\"><\/h2><p data-start=\"249\" data-end=\"426\">\u00a0 This site collects and processes certain personal data in order to ensure the sale and delivery of scooters.<\/p><p data-start=\"249\" data-end=\"426\">\u00a0 and electric bikes, as well as improving its services.<\/p><h3 data-start=\"428\" data-end=\"453\">\u00a0 Collected data<\/h3><p data-start=\"454\" data-end=\"500\">\u00a0 Data that may be collected includes :<\/p><ul data-start=\"501\" data-end=\"787\"><li data-start=\"501\" data-end=\"542\"><p data-start=\"503\" data-end=\"542\">Identity information: surname, first name<\/p><\/li><li data-start=\"543\" data-end=\"613\"><p data-start=\"545\" data-end=\"613\">Contact details: e-mail address, telephone number, postal address<\/p><\/li><li data-start=\"614\" data-end=\"706\"><p data-start=\"616\" data-end=\"706\">Order and payment information (secure payments via third-party service providers)<\/p><\/li><li data-start=\"707\" data-end=\"787\"><p data-start=\"709\" data-end=\"787\">Browsing data: cookies, IP address, type of device, pages viewed<\/p><\/li><\/ul><h3 data-start=\"789\" data-end=\"820\">\u00a0 Purpose of collection<\/h3><p data-start=\"821\" data-end=\"854\">\u00a0 The data is used for :<\/p><ul data-start=\"855\" data-end=\"1178\"><li data-start=\"855\" data-end=\"890\"><p data-start=\"857\" data-end=\"890\">Process and deliver orders<\/p><\/li><li data-start=\"891\" data-end=\"932\"><p data-start=\"893\" data-end=\"932\">Manage payments and billing<\/p><\/li><li data-start=\"933\" data-end=\"988\"><p data-start=\"935\" data-end=\"988\">Customer service and after-sales support<\/p><\/li><li data-start=\"989\" data-end=\"1064\"><p data-start=\"991\" data-end=\"1064\">Send commercial communications (if the user has consented)<\/p><\/li><li data-start=\"1065\" data-end=\"1128\"><p data-start=\"1067\" data-end=\"1128\">Improve the site, products and user experience<\/p><\/li><li data-start=\"1129\" data-end=\"1178\"><p data-start=\"1131\" data-end=\"1178\">Comply with legal and accounting obligations<\/p><\/li><\/ul><h3 data-start=\"1180\" data-end=\"1206\">\u00a0 Data sharing<\/h3><p data-start=\"1207\" data-end=\"1259\">\u00a0 Data can only be shared with :<\/p><ul data-start=\"1260\" data-end=\"1465\"><li data-start=\"1260\" data-end=\"1302\"><p data-start=\"1262\" data-end=\"1302\">Secure payment providers<\/p><\/li><li data-start=\"1303\" data-end=\"1346\"><p data-start=\"1305\" data-end=\"1346\">Delivery and logistics services<\/p><\/li><li data-start=\"1347\" data-end=\"1465\"><p data-start=\"1349\" data-end=\"1465\">Technical service providers (hosting, site maintenance)<br data-start=\"1411\" data-end=\"1414\" \/>No personal data is sold to third parties.<\/p><\/li><\/ul><h3 data-start=\"1467\" data-end=\"1495\">\u00a0 Data security<\/h3><p data-start=\"1496\" data-end=\"1641\">\u00a0 Technical and organizational measures are in place to protect data against unauthorized access, loss or alteration.<\/p><h3 data-start=\"1643\" data-end=\"1670\">\u00a0 Shelf life<\/h3><p data-start=\"1671\" data-end=\"1800\">\u00a0 Data is kept only for as long as is necessary for the purposes for which it was collected or as required by law.<\/p><h3 data-start=\"1802\" data-end=\"1832\">\u00a0 User rights<\/h3><p data-start=\"1833\" data-end=\"1903\">\u00a0 In accordance with the RGPD, users have the following rights:<\/p><ul data-start=\"1904\" data-end=\"2109\"><li data-start=\"1904\" data-end=\"1929\"><p data-start=\"1906\" data-end=\"1929\">Access to their data<\/p><\/li><li data-start=\"1930\" data-end=\"1962\"><p data-start=\"1932\" data-end=\"1962\">Correction or deletion<\/p><\/li><li data-start=\"1963\" data-end=\"2005\"><p data-start=\"1965\" data-end=\"2005\">Limiting or objecting to processing<\/p><\/li><li data-start=\"2006\" data-end=\"2109\"><p data-start=\"2008\" data-end=\"2109\">Data portability<br data-start=\"2031\" data-end=\"2034\" \/>These rights may be exercised by contacting the data controller.<\/p><\/li><\/ul><h3 data-start=\"2111\" data-end=\"2125\">\u00a0 Cookies<\/h3><p data-start=\"2126\" data-end=\"2296\">\u00a0 The site uses cookies to ensure its smooth operation, measure the audience and improve performance. Users can manage their preferences at any time.<\/p><h3 data-start=\"2298\" data-end=\"2318\">\u00a0 Modifications<\/h3><p data-start=\"2319\" data-end=\"2433\">The privacy policy may be updated. Users are invited to consult it regularly.<\/p>\t\t\t\t\t\t\t\t<\/div>\n\t\t\t\t\t<\/div>\n\t\t\t\t<\/div>\n\t\t<div class=\"elementor-element elementor-element-359f48c e-flex e-con-boxed e-con e-parent\" data-id=\"359f48c\" data-element_type=\"container\" data-e-type=\"container\">\n\t\t\t\t\t<div class=\"e-con-inner\">\n\t\t\t\t<div class=\"elementor-element elementor-element-bcd72d1 elementor-widget-divider--view-line elementor-widget elementor-widget-divider\" data-id=\"bcd72d1\" data-element_type=\"widget\" data-e-type=\"widget\" data-widget_type=\"divider.default\">\n\t\t\t\t\t\t\t<div class=\"elementor-divider\">\n\t\t\t<span class=\"elementor-divider-separator\">\n\t\t\t\t\t\t<\/span>\n\t\t<\/div>\n\t\t\t\t\t\t<\/div>\n\t\t\t\t\t<\/div>\n\t\t\t\t<\/div>\n\t\t<div class=\"elementor-element elementor-element-288b449 e-con-full e-flex e-con e-parent\" data-id=\"288b449\" data-element_type=\"container\" data-e-type=\"container\" data-settings=\"{&quot;background_background&quot;:&quot;classic&quot;}\">\n\t\t<div class=\"elementor-element elementor-element-12ceb98 e-con-full e-flex e-con e-child\" data-id=\"12ceb98\" data-element_type=\"container\" data-e-type=\"container\">\n\t\t\t\t<div class=\"elementor-element elementor-element-f478bce elementor-widget elementor-widget-button\" data-id=\"f478bce\" data-element_type=\"widget\" data-e-type=\"widget\" data-widget_type=\"button.default\">\n\t\t\t\t\t\t\t\t\t\t<a class=\"elementor-button elementor-button-link elementor-size-sm\" href=\"https:\/\/xn--scootervident-hhb.store\/en\/elementor-page-399\/\">\n\t\t\t\t\t\t<span class=\"elementor-button-content-wrapper\">\n\t\t\t\t\t\t\t\t\t<span class=\"elementor-button-text\">Privacy policy<\/span>\n\t\t\t\t\t<\/span>\n\t\t\t\t\t<\/a>\n\t\t\t\t\t\t\t\t<\/div>\n\t\t\t\t<\/div>\n\t\t<div class=\"elementor-element elementor-element-2e58f65 e-con-full e-flex e-con e-child\" data-id=\"2e58f65\" data-element_type=\"container\" data-e-type=\"container\">\n\t\t\t\t<div class=\"elementor-element elementor-element-8810aad elementor-widget__width-initial elementor-widget elementor-widget-button\" data-id=\"8810aad\" data-element_type=\"widget\" data-e-type=\"widget\" data-widget_type=\"button.default\">\n\t\t\t\t\t\t\t\t\t\t<a class=\"elementor-button elementor-button-link elementor-size-sm\" href=\"https:\/\/xn--scootervident-hhb.store\/en\/cgv\/?preview_id=388&#038;preview_nonce=18c8b1000f&#038;preview=true\">\n\t\t\t\t\t\t<span class=\"elementor-button-content-wrapper\">\n\t\t\t\t\t\t\t\t\t<span class=\"elementor-button-text\">GTC<\/span>\n\t\t\t\t\t<\/span>\n\t\t\t\t\t<\/a>\n\t\t\t\t\t\t\t\t<\/div>\n\t\t\t\t<\/div>\n\t\t<div class=\"elementor-element elementor-element-26974c7 e-con-full e-flex e-con e-child\" data-id=\"26974c7\" data-element_type=\"container\" data-e-type=\"container\">\n\t\t\t\t<div class=\"elementor-element elementor-element-552b892 elementor-widget__width-initial elementor-widget elementor-widget-button\" data-id=\"552b892\" data-element_type=\"widget\" data-e-type=\"widget\" data-widget_type=\"button.default\">\n\t\t\t\t\t\t\t\t\t\t<a class=\"elementor-button elementor-button-link elementor-size-sm\" href=\"https:\/\/xn--scootervident-hhb.store\/wp-admin\/post.php?post=413&#038;action=elementor\">\n\t\t\t\t\t\t<span class=\"elementor-button-content-wrapper\">\n\t\t\t\t\t\t\t\t\t<span class=\"elementor-button-text\">Terms of use<\/span>\n\t\t\t\t\t<\/span>\n\t\t\t\t\t<\/a>\n\t\t\t\t\t\t\t\t<\/div>\n\t\t\t\t<\/div>\n\t\t\t\t<\/div>\n\t\t\t\t<\/div>","protected":false},"excerpt":{"rendered":"<p>Politique de confidentialit\u00e9 \u00a0 Ce site collecte et traite certaines donn\u00e9es personnelles afin d\u2019assurer la vente et la livraison de trottinettes \u00a0 et v\u00e9los \u00e9lectriques, ainsi que l\u2019am\u00e9lioration de ses services. \u00a0 Donn\u00e9es collect\u00e9es \u00a0 Les donn\u00e9es pouvant \u00eatre collect\u00e9es incluent : Informations d\u2019identit\u00e9 : nom, pr\u00e9nom Coordonn\u00e9es : adresse [&hellip;]<\/p>\n","protected":false},"author":2,"featured_media":0,"parent":0,"menu_order":0,"comment_status":"closed","ping_status":"closed","template":"page-templates\/template-pagebuilder-full-width.php","meta":{"footnotes":""},"class_list":["post-399","page","type-page","status-publish","hentry"],"_links":{"self":[{"href":"https:\/\/xn--scootervident-hhb.store\/en\/wp-json\/wp\/v2\/pages\/399","targetHints":{"allow":["GET"]}}],"collection":[{"href":"https:\/\/xn--scootervident-hhb.store\/en\/wp-json\/wp\/v2\/pages"}],"about":[{"href":"https:\/\/xn--scootervident-hhb.store\/en\/wp-json\/wp\/v2\/types\/page"}],"author":[{"embeddable":true,"href":"https:\/\/xn--scootervident-hhb.store\/en\/wp-json\/wp\/v2\/users\/2"}],"replies":[{"embeddable":true,"href":"https:\/\/xn--scootervident-hhb.store\/en\/wp-json\/wp\/v2\/comments?post=399"}],"version-history":[{"count":11,"href":"https:\/\/xn--scootervident-hhb.store\/en\/wp-json\/wp\/v2\/pages\/399\/revisions"}],"predecessor-version":[{"id":471,"href":"https:\/\/xn--scootervident-hhb.store\/en\/wp-json\/wp\/v2\/pages\/399\/revisions\/471"}],"wp:attachment":[{"href":"https:\/\/xn--scootervident-hhb.store\/en\/wp-json\/wp\/v2\/media?parent=399"}],"curies":[{"name":"wp","href":"https:\/\/api.w.org\/{rel}","templated":true}]}}