{"id":114,"date":"2025-12-15T10:18:18","date_gmt":"2025-12-15T10:18:18","guid":{"rendered":"https:\/\/xn--scootervident-hhb.store\/?page_id=114"},"modified":"2026-01-12T11:21:50","modified_gmt":"2026-01-12T11:21:50","slug":"trottinette-electrique","status":"publish","type":"page","link":"https:\/\/xn--scootervident-hhb.store\/en\/trottinette-electrique\/","title":{"rendered":"Electric scooter"},"content":{"rendered":"<div data-elementor-type=\"wp-page\" data-elementor-id=\"114\" class=\"elementor elementor-114\">\n\t\t\t\t<div class=\"elementor-element elementor-element-a8c5c45 e-con-full e-flex e-con e-parent\" data-id=\"a8c5c45\" data-element_type=\"container\" data-e-type=\"container\">\n\t\t<div class=\"elementor-element elementor-element-19525b3 e-con-full e-flex e-con e-child\" data-id=\"19525b3\" data-element_type=\"container\" data-e-type=\"container\">\n\t\t<div class=\"elementor-element elementor-element-c2f3ebc e-con-full e-flex e-con e-child\" data-id=\"c2f3ebc\" data-element_type=\"container\" data-e-type=\"container\">\n\t\t\t\t<div class=\"elementor-element elementor-element-c8df586 elementor-widget elementor-widget-image\" data-id=\"c8df586\" data-element_type=\"widget\" data-e-type=\"widget\" data-widget_type=\"image.default\">\n\t\t\t\t\t\t\t\t\t\t\t\t\t\t\t<img fetchpriority=\"high\" decoding=\"async\" width=\"750\" height=\"753\" src=\"https:\/\/xn--scootervident-hhb.store\/wp-content\/uploads\/2026\/01\/Capture-decran-2026-01-10-a-20.34.22-1020x1024.png\" class=\"attachment-large size-large wp-image-301\" alt=\"trotinette noire avec des roue rouges\" srcset=\"https:\/\/xn--scootervident-hhb.store\/wp-content\/uploads\/2026\/01\/Capture-decran-2026-01-10-a-20.34.22-1020x1024.png 1020w, https:\/\/xn--scootervident-hhb.store\/wp-content\/uploads\/2026\/01\/Capture-decran-2026-01-10-a-20.34.22-300x300.png 300w, https:\/\/xn--scootervident-hhb.store\/wp-content\/uploads\/2026\/01\/Capture-decran-2026-01-10-a-20.34.22-150x150.png 150w, https:\/\/xn--scootervident-hhb.store\/wp-content\/uploads\/2026\/01\/Capture-decran-2026-01-10-a-20.34.22-768x771.png 768w, https:\/\/xn--scootervident-hhb.store\/wp-content\/uploads\/2026\/01\/Capture-decran-2026-01-10-a-20.34.22-12x12.png 12w, https:\/\/xn--scootervident-hhb.store\/wp-content\/uploads\/2026\/01\/Capture-decran-2026-01-10-a-20.34.22.png 1203w\" sizes=\"(max-width: 750px) 100vw, 750px\" \/>\t\t\t\t\t\t\t\t\t\t\t\t\t\t\t<\/div>\n\t\t<div class=\"elementor-element elementor-element-dad85c5 e-grid e-con-full e-con e-child\" data-id=\"dad85c5\" data-element_type=\"container\" data-e-type=\"container\">\n\t\t\t\t<div class=\"elementor-element elementor-element-b27cbfa elementor-widget elementor-widget-image\" data-id=\"b27cbfa\" data-element_type=\"widget\" data-e-type=\"widget\" data-widget_type=\"image.default\">\n\t\t\t\t\t\t\t\t\t\t\t\t\t\t\t<img decoding=\"async\" width=\"648\" height=\"1024\" src=\"https:\/\/xn--scootervident-hhb.store\/wp-content\/uploads\/2026\/01\/9ef1ac6c1f0173127377e28e0d04c751-648x1024.jpg\" class=\"attachment-large size-large wp-image-303\" alt=\"trotinette dans la rue\" srcset=\"https:\/\/xn--scootervident-hhb.store\/wp-content\/uploads\/2026\/01\/9ef1ac6c1f0173127377e28e0d04c751-648x1024.jpg 648w, https:\/\/xn--scootervident-hhb.store\/wp-content\/uploads\/2026\/01\/9ef1ac6c1f0173127377e28e0d04c751-190x300.jpg 190w, https:\/\/xn--scootervident-hhb.store\/wp-content\/uploads\/2026\/01\/9ef1ac6c1f0173127377e28e0d04c751-768x1214.jpg 768w, https:\/\/xn--scootervident-hhb.store\/wp-content\/uploads\/2026\/01\/9ef1ac6c1f0173127377e28e0d04c751-8x12.jpg 8w, https:\/\/xn--scootervident-hhb.store\/wp-content\/uploads\/2026\/01\/9ef1ac6c1f0173127377e28e0d04c751.jpg 828w\" sizes=\"(max-width: 648px) 100vw, 648px\" \/>\t\t\t\t\t\t\t\t\t\t\t\t\t\t\t<\/div>\n\t\t\t\t<div class=\"elementor-element elementor-element-25e517d elementor-widget elementor-widget-image\" data-id=\"25e517d\" data-element_type=\"widget\" data-e-type=\"widget\" data-widget_type=\"image.default\">\n\t\t\t\t\t\t\t\t\t\t\t\t\t\t\t<img decoding=\"async\" width=\"494\" height=\"574\" src=\"https:\/\/xn--scootervident-hhb.store\/wp-content\/uploads\/2026\/01\/10d92d79395cea9be499fad79b5e5292.jpg\" class=\"attachment-large size-large wp-image-300\" alt=\"trotinette\" srcset=\"https:\/\/xn--scootervident-hhb.store\/wp-content\/uploads\/2026\/01\/10d92d79395cea9be499fad79b5e5292.jpg 494w, https:\/\/xn--scootervident-hhb.store\/wp-content\/uploads\/2026\/01\/10d92d79395cea9be499fad79b5e5292-258x300.jpg 258w, https:\/\/xn--scootervident-hhb.store\/wp-content\/uploads\/2026\/01\/10d92d79395cea9be499fad79b5e5292-10x12.jpg 10w\" sizes=\"(max-width: 494px) 100vw, 494px\" \/>\t\t\t\t\t\t\t\t\t\t\t\t\t\t\t<\/div>\n\t\t\t\t<div class=\"elementor-element elementor-element-9f794e5 elementor-widget elementor-widget-image\" data-id=\"9f794e5\" data-element_type=\"widget\" data-e-type=\"widget\" data-widget_type=\"image.default\">\n\t\t\t\t\t\t\t\t\t\t\t\t\t\t\t<img loading=\"lazy\" decoding=\"async\" width=\"750\" height=\"1000\" src=\"https:\/\/xn--scootervident-hhb.store\/wp-content\/uploads\/2026\/01\/9c8dcd5444d470451241d9a615e08441-768x1024.jpg\" class=\"attachment-large size-large wp-image-302\" alt=\"trotinette \u00e0 cote d&#039;un mur\" srcset=\"https:\/\/xn--scootervident-hhb.store\/wp-content\/uploads\/2026\/01\/9c8dcd5444d470451241d9a615e08441-768x1024.jpg 768w, https:\/\/xn--scootervident-hhb.store\/wp-content\/uploads\/2026\/01\/9c8dcd5444d470451241d9a615e08441-225x300.jpg 225w, https:\/\/xn--scootervident-hhb.store\/wp-content\/uploads\/2026\/01\/9c8dcd5444d470451241d9a615e08441-9x12.jpg 9w, https:\/\/xn--scootervident-hhb.store\/wp-content\/uploads\/2026\/01\/9c8dcd5444d470451241d9a615e08441.jpg 900w\" sizes=\"(max-width: 750px) 100vw, 750px\" \/>\t\t\t\t\t\t\t\t\t\t\t\t\t\t\t<\/div>\n\t\t\t\t<div class=\"elementor-element elementor-element-f67b7fe elementor-widget elementor-widget-image\" data-id=\"f67b7fe\" data-element_type=\"widget\" data-e-type=\"widget\" data-widget_type=\"image.default\">\n\t\t\t\t\t\t\t\t\t\t\t\t\t\t\t<img loading=\"lazy\" decoding=\"async\" width=\"522\" height=\"567\" src=\"https:\/\/xn--scootervident-hhb.store\/wp-content\/uploads\/2026\/01\/51XzSyufUgL._AC_SX522_.jpg\" class=\"attachment-large size-large wp-image-305\" alt=\"trotinette noire\" srcset=\"https:\/\/xn--scootervident-hhb.store\/wp-content\/uploads\/2026\/01\/51XzSyufUgL._AC_SX522_.jpg 522w, https:\/\/xn--scootervident-hhb.store\/wp-content\/uploads\/2026\/01\/51XzSyufUgL._AC_SX522_-276x300.jpg 276w, https:\/\/xn--scootervident-hhb.store\/wp-content\/uploads\/2026\/01\/51XzSyufUgL._AC_SX522_-11x12.jpg 11w\" sizes=\"(max-width: 522px) 100vw, 522px\" \/>\t\t\t\t\t\t\t\t\t\t\t\t\t\t\t<\/div>\n\t\t\t\t<\/div>\n\t\t\t\t<\/div>\n\t\t<div class=\"elementor-element elementor-element-80a22c8 e-con-full e-flex e-con e-child\" data-id=\"80a22c8\" data-element_type=\"container\" data-e-type=\"container\">\n\t\t\t\t<div class=\"elementor-element elementor-element-e99da4b elementor-widget elementor-widget-heading\" data-id=\"e99da4b\" data-element_type=\"widget\" data-e-type=\"widget\" data-widget_type=\"heading.default\">\n\t\t\t\t\t<h2 class=\"elementor-heading-title elementor-size-default\">NEON Lite<\/h2>\t\t\t\t<\/div>\n\t\t\t\t<div class=\"elementor-element elementor-element-c87c083 elementor-widget elementor-widget-text-editor\" data-id=\"c87c083\" data-element_type=\"widget\" data-e-type=\"widget\" data-widget_type=\"text-editor.default\">\n\t\t\t\t\t\t\t\t\t<p>699\u20ac<\/p>\t\t\t\t\t\t\t\t<\/div>\n\t\t\t\t<div class=\"elementor-element elementor-element-81207a6 elementor-widget__width-initial elementor-widget elementor-widget-text-editor\" data-id=\"81207a6\" data-element_type=\"widget\" data-e-type=\"widget\" data-widget_type=\"text-editor.default\">\n\t\t\t\t\t\t\t\t\t<p data-start=\"139\" data-end=\"460\"><span>This electric scooter stands out for its <\/span><strong data-start=\"116\" data-end=\"149\">360\u00b0 circular lighting<\/strong><span> and modern design. Sound <\/span><strong data-start=\"177\" data-end=\"202\">low center of gravity<\/strong><span> ensures a stable, comfortable ride, both in a straight line and when cornering.<\/span><br data-start=\"278\" data-end=\"281\" \/><span>Sa <\/span><strong data-start=\"284\" data-end=\"308\" data-is-only-node=\"\">modular design<\/strong><span> easy maintenance and replacement of parts, while the <\/span><strong data-start=\"375\" data-end=\"411\">high-capacity removable battery<\/strong><span> for extended use and simplified maintenance.<\/span><\/p>\t\t\t\t\t\t\t\t<\/div>\n\t\t\t\t<div class=\"elementor-element elementor-element-a124699 elementor-widget elementor-widget-heading\" data-id=\"a124699\" data-element_type=\"widget\" data-e-type=\"widget\" data-widget_type=\"heading.default\">\n\t\t\t\t\t<h2 class=\"elementor-heading-title elementor-size-default\">Configure your scooter <\/h2>\t\t\t\t<\/div>\n\t\t\t\t<div class=\"elementor-element elementor-element-fb5d5e8 elementor-widget elementor-widget-text-editor\" data-id=\"fb5d5e8\" data-element_type=\"widget\" data-e-type=\"widget\" data-widget_type=\"text-editor.default\">\n\t\t\t\t\t\t\t\t\t<p>Color\u00a0<\/p>\t\t\t\t\t\t\t\t<\/div>\n\t\t<div class=\"elementor-element elementor-element-31cffb0 e-grid e-con-full e-con e-child\" data-id=\"31cffb0\" data-element_type=\"container\" data-e-type=\"container\">\n\t\t\t\t<div class=\"elementor-element elementor-element-38cac34 elementor-view-default elementor-widget elementor-widget-icon\" data-id=\"38cac34\" data-element_type=\"widget\" data-e-type=\"widget\" data-widget_type=\"icon.default\">\n\t\t\t\t\t\t\t<div class=\"elementor-icon-wrapper\">\n\t\t\t<div class=\"elementor-icon\">\n\t\t\t<svg aria-hidden=\"true\" class=\"e-font-icon-svg e-fas-circle\" viewbox=\"0 0 512 512\" xmlns=\"http:\/\/www.w3.org\/2000\/svg\"><path d=\"M256 8C119 8 8 119 8 256s111 248 248 248 248-111 248-248S393 8 256 8z\"><\/path><\/svg>\t\t\t<\/div>\n\t\t<\/div>\n\t\t\t\t\t\t<\/div>\n\t\t\t\t<div class=\"elementor-element elementor-element-913f4c5 elementor-view-default elementor-widget elementor-widget-icon\" data-id=\"913f4c5\" data-element_type=\"widget\" data-e-type=\"widget\" data-widget_type=\"icon.default\">\n\t\t\t\t\t\t\t<div class=\"elementor-icon-wrapper\">\n\t\t\t<div class=\"elementor-icon\">\n\t\t\t<svg aria-hidden=\"true\" class=\"e-font-icon-svg e-fas-circle\" viewbox=\"0 0 512 512\" xmlns=\"http:\/\/www.w3.org\/2000\/svg\"><path d=\"M256 8C119 8 8 119 8 256s111 248 248 248 248-111 248-248S393 8 256 8z\"><\/path><\/svg>\t\t\t<\/div>\n\t\t<\/div>\n\t\t\t\t\t\t<\/div>\n\t\t\t\t<div class=\"elementor-element elementor-element-bbe543e elementor-view-default elementor-widget elementor-widget-icon\" data-id=\"bbe543e\" data-element_type=\"widget\" data-e-type=\"widget\" data-widget_type=\"icon.default\">\n\t\t\t\t\t\t\t<div class=\"elementor-icon-wrapper\">\n\t\t\t<div class=\"elementor-icon\">\n\t\t\t<svg aria-hidden=\"true\" class=\"e-font-icon-svg e-fas-circle\" viewbox=\"0 0 512 512\" xmlns=\"http:\/\/www.w3.org\/2000\/svg\"><path d=\"M256 8C119 8 8 119 8 256s111 248 248 248 248-111 248-248S393 8 256 8z\"><\/path><\/svg>\t\t\t<\/div>\n\t\t<\/div>\n\t\t\t\t\t\t<\/div>\n\t\t\t\t<div class=\"elementor-element elementor-element-dbe387d elementor-view-default elementor-widget elementor-widget-icon\" data-id=\"dbe387d\" data-element_type=\"widget\" data-e-type=\"widget\" data-widget_type=\"icon.default\">\n\t\t\t\t\t\t\t<div class=\"elementor-icon-wrapper\">\n\t\t\t<div class=\"elementor-icon\">\n\t\t\t<svg aria-hidden=\"true\" class=\"e-font-icon-svg e-far-circle\" viewbox=\"0 0 512 512\" xmlns=\"http:\/\/www.w3.org\/2000\/svg\"><path d=\"M256 8C119 8 8 119 8 256s111 248 248 248 248-111 248-248S393 8 256 8zm0 448c-110.5 0-200-89.5-200-200S145.5 56 256 56s200 89.5 200 200-89.5 200-200 200z\"><\/path><\/svg>\t\t\t<\/div>\n\t\t<\/div>\n\t\t\t\t\t\t<\/div>\n\t\t\t\t<\/div>\n\t\t\t\t<div class=\"elementor-element elementor-element-4550cf8 elementor-widget elementor-widget-text-editor\" data-id=\"4550cf8\" data-element_type=\"widget\" data-e-type=\"widget\" data-widget_type=\"text-editor.default\">\n\t\t\t\t\t\t\t\t\t<p>Wheel color<\/p>\t\t\t\t\t\t\t\t<\/div>\n\t\t<div class=\"elementor-element elementor-element-b86c4b8 e-grid e-con-full e-con e-child\" data-id=\"b86c4b8\" data-element_type=\"container\" data-e-type=\"container\">\n\t\t\t\t<div class=\"elementor-element elementor-element-7a53f52 elementor-view-default elementor-widget elementor-widget-icon\" data-id=\"7a53f52\" data-element_type=\"widget\" data-e-type=\"widget\" data-widget_type=\"icon.default\">\n\t\t\t\t\t\t\t<div class=\"elementor-icon-wrapper\">\n\t\t\t<div class=\"elementor-icon\">\n\t\t\t<svg aria-hidden=\"true\" class=\"e-font-icon-svg e-fas-circle\" viewbox=\"0 0 512 512\" xmlns=\"http:\/\/www.w3.org\/2000\/svg\"><path d=\"M256 8C119 8 8 119 8 256s111 248 248 248 248-111 248-248S393 8 256 8z\"><\/path><\/svg>\t\t\t<\/div>\n\t\t<\/div>\n\t\t\t\t\t\t<\/div>\n\t\t\t\t<div class=\"elementor-element elementor-element-c8cc57e elementor-view-default elementor-widget elementor-widget-icon\" data-id=\"c8cc57e\" data-element_type=\"widget\" data-e-type=\"widget\" data-widget_type=\"icon.default\">\n\t\t\t\t\t\t\t<div class=\"elementor-icon-wrapper\">\n\t\t\t<div class=\"elementor-icon\">\n\t\t\t<svg aria-hidden=\"true\" class=\"e-font-icon-svg e-fas-circle\" viewbox=\"0 0 512 512\" xmlns=\"http:\/\/www.w3.org\/2000\/svg\"><path d=\"M256 8C119 8 8 119 8 256s111 248 248 248 248-111 248-248S393 8 256 8z\"><\/path><\/svg>\t\t\t<\/div>\n\t\t<\/div>\n\t\t\t\t\t\t<\/div>\n\t\t\t\t<div class=\"elementor-element elementor-element-b2a8181 elementor-view-default elementor-widget elementor-widget-icon\" data-id=\"b2a8181\" data-element_type=\"widget\" data-e-type=\"widget\" data-widget_type=\"icon.default\">\n\t\t\t\t\t\t\t<div class=\"elementor-icon-wrapper\">\n\t\t\t<div class=\"elementor-icon\">\n\t\t\t<svg aria-hidden=\"true\" class=\"e-font-icon-svg e-fas-circle\" viewbox=\"0 0 512 512\" xmlns=\"http:\/\/www.w3.org\/2000\/svg\"><path d=\"M256 8C119 8 8 119 8 256s111 248 248 248 248-111 248-248S393 8 256 8z\"><\/path><\/svg>\t\t\t<\/div>\n\t\t<\/div>\n\t\t\t\t\t\t<\/div>\n\t\t\t\t<div class=\"elementor-element elementor-element-ba4261c elementor-view-default elementor-widget elementor-widget-icon\" data-id=\"ba4261c\" data-element_type=\"widget\" data-e-type=\"widget\" data-widget_type=\"icon.default\">\n\t\t\t\t\t\t\t<div class=\"elementor-icon-wrapper\">\n\t\t\t<div class=\"elementor-icon\">\n\t\t\t<svg aria-hidden=\"true\" class=\"e-font-icon-svg e-far-circle\" viewbox=\"0 0 512 512\" xmlns=\"http:\/\/www.w3.org\/2000\/svg\"><path d=\"M256 8C119 8 8 119 8 256s111 248 248 248 248-111 248-248S393 8 256 8zm0 448c-110.5 0-200-89.5-200-200S145.5 56 256 56s200 89.5 200 200-89.5 200-200 200z\"><\/path><\/svg>\t\t\t<\/div>\n\t\t<\/div>\n\t\t\t\t\t\t<\/div>\n\t\t\t\t<\/div>\n\t\t\t\t<div class=\"elementor-element elementor-element-8309211 elementor-widget elementor-widget-text-editor\" data-id=\"8309211\" data-element_type=\"widget\" data-e-type=\"widget\" data-widget_type=\"text-editor.default\">\n\t\t\t\t\t\t\t\t\t<p>Handlebars<\/p>\t\t\t\t\t\t\t\t<\/div>\n\t\t<div class=\"elementor-element elementor-element-0788d9a e-grid e-con-full e-con e-child\" data-id=\"0788d9a\" data-element_type=\"container\" data-e-type=\"container\">\n\t\t\t\t<div class=\"elementor-element elementor-element-8ec4687 elementor-widget elementor-widget-image\" data-id=\"8ec4687\" data-element_type=\"widget\" data-e-type=\"widget\" data-widget_type=\"image.default\">\n\t\t\t\t\t\t\t\t\t\t\t\t<figure class=\"wp-caption\">\n\t\t\t\t\t\t\t\t\t\t<img loading=\"lazy\" decoding=\"async\" width=\"577\" height=\"265\" src=\"https:\/\/xn--scootervident-hhb.store\/wp-content\/uploads\/2026\/01\/zoom-guidon-en-alliage-sureleve-noir-123-mm-velo-m.jpg.png\" class=\"attachment-large size-large wp-image-219\" alt=\"guidon noir\" srcset=\"https:\/\/xn--scootervident-hhb.store\/wp-content\/uploads\/2026\/01\/zoom-guidon-en-alliage-sureleve-noir-123-mm-velo-m.jpg.png 577w, https:\/\/xn--scootervident-hhb.store\/wp-content\/uploads\/2026\/01\/zoom-guidon-en-alliage-sureleve-noir-123-mm-velo-m.jpg-300x138.png 300w, https:\/\/xn--scootervident-hhb.store\/wp-content\/uploads\/2026\/01\/zoom-guidon-en-alliage-sureleve-noir-123-mm-velo-m.jpg-18x8.png 18w\" sizes=\"(max-width: 577px) 100vw, 577px\" \/>\t\t\t\t\t\t\t\t\t\t\t<figcaption class=\"widget-image-caption wp-caption-text\">classic<\/figcaption>\n\t\t\t\t\t\t\t\t\t\t<\/figure>\n\t\t\t\t\t\t\t\t\t<\/div>\n\t\t\t\t<div class=\"elementor-element elementor-element-9c7d062 elementor-widget elementor-widget-image\" data-id=\"9c7d062\" data-element_type=\"widget\" data-e-type=\"widget\" data-widget_type=\"image.default\">\n\t\t\t\t\t\t\t\t\t\t\t\t<figure class=\"wp-caption\">\n\t\t\t\t\t\t\t\t\t\t<img loading=\"lazy\" decoding=\"async\" width=\"750\" height=\"212\" src=\"https:\/\/xn--scootervident-hhb.store\/wp-content\/uploads\/2026\/01\/se.super_.big_.honkin.bars_.black_1800x1800.png.webp\" class=\"attachment-large size-large wp-image-220\" alt=\"guidon noir classique\" srcset=\"https:\/\/xn--scootervident-hhb.store\/wp-content\/uploads\/2026\/01\/se.super_.big_.honkin.bars_.black_1800x1800.png.webp 800w, https:\/\/xn--scootervident-hhb.store\/wp-content\/uploads\/2026\/01\/se.super_.big_.honkin.bars_.black_1800x1800.png-300x85.webp 300w, https:\/\/xn--scootervident-hhb.store\/wp-content\/uploads\/2026\/01\/se.super_.big_.honkin.bars_.black_1800x1800.png-768x217.webp 768w, https:\/\/xn--scootervident-hhb.store\/wp-content\/uploads\/2026\/01\/se.super_.big_.honkin.bars_.black_1800x1800.png-18x5.webp 18w\" sizes=\"(max-width: 750px) 100vw, 750px\" \/>\t\t\t\t\t\t\t\t\t\t\t<figcaption class=\"widget-image-caption wp-caption-text\">large<\/figcaption>\n\t\t\t\t\t\t\t\t\t\t<\/figure>\n\t\t\t\t\t\t\t\t\t<\/div>\n\t\t\t\t<\/div>\n\t\t\t\t<div class=\"elementor-element elementor-element-8b1a3be elementor-widget elementor-widget-text-editor\" data-id=\"8b1a3be\" data-element_type=\"widget\" data-e-type=\"widget\" data-widget_type=\"text-editor.default\">\n\t\t\t\t\t\t\t\t\t<p>Motorization<\/p>\t\t\t\t\t\t\t\t<\/div>\n\t\t<div class=\"elementor-element elementor-element-250e867 e-grid e-con-full e-con e-child\" data-id=\"250e867\" data-element_type=\"container\" data-e-type=\"container\">\n\t\t\t\t<div class=\"elementor-element elementor-element-92587db elementor-widget elementor-widget-image\" data-id=\"92587db\" data-element_type=\"widget\" data-e-type=\"widget\" data-widget_type=\"image.default\">\n\t\t\t\t\t\t\t\t\t\t\t\t<figure class=\"wp-caption\">\n\t\t\t\t\t\t\t\t\t\t<img loading=\"lazy\" decoding=\"async\" width=\"228\" height=\"85\" src=\"https:\/\/xn--scootervident-hhb.store\/wp-content\/uploads\/2026\/01\/Capture_d_ecran_2026-01-02_a_19.46.21-removebg-preview.png\" class=\"attachment-large size-large wp-image-267\" alt=\"batterie\" srcset=\"https:\/\/xn--scootervident-hhb.store\/wp-content\/uploads\/2026\/01\/Capture_d_ecran_2026-01-02_a_19.46.21-removebg-preview.png 228w, https:\/\/xn--scootervident-hhb.store\/wp-content\/uploads\/2026\/01\/Capture_d_ecran_2026-01-02_a_19.46.21-removebg-preview-18x7.png 18w\" sizes=\"(max-width: 228px) 100vw, 228px\" \/>\t\t\t\t\t\t\t\t\t\t\t<figcaption class=\"widget-image-caption wp-caption-text\">classic<\/figcaption>\n\t\t\t\t\t\t\t\t\t\t<\/figure>\n\t\t\t\t\t\t\t\t\t<\/div>\n\t\t\t\t<div class=\"elementor-element elementor-element-b12de6f elementor-widget elementor-widget-image\" data-id=\"b12de6f\" data-element_type=\"widget\" data-e-type=\"widget\" data-widget_type=\"image.default\">\n\t\t\t\t\t\t\t\t\t\t\t\t<figure class=\"wp-caption\">\n\t\t\t\t\t\t\t\t\t\t<img loading=\"lazy\" decoding=\"async\" width=\"231\" height=\"85\" src=\"https:\/\/xn--scootervident-hhb.store\/wp-content\/uploads\/2026\/01\/Capture_d_ecran_2026-01-02_a_19.49.06-removebg-preview.png\" class=\"attachment-large size-large wp-image-268\" alt=\"batterie puissante\" srcset=\"https:\/\/xn--scootervident-hhb.store\/wp-content\/uploads\/2026\/01\/Capture_d_ecran_2026-01-02_a_19.49.06-removebg-preview.png 231w, https:\/\/xn--scootervident-hhb.store\/wp-content\/uploads\/2026\/01\/Capture_d_ecran_2026-01-02_a_19.49.06-removebg-preview-18x7.png 18w\" sizes=\"(max-width: 231px) 100vw, 231px\" \/>\t\t\t\t\t\t\t\t\t\t\t<figcaption class=\"widget-image-caption wp-caption-text\">powerful (+120\u20ac)<\/figcaption>\n\t\t\t\t\t\t\t\t\t\t<\/figure>\n\t\t\t\t\t\t\t\t\t<\/div>\n\t\t\t\t<\/div>\n\t\t\t\t<div class=\"elementor-element elementor-element-599402c elementor-align-center elementor-widget elementor-widget-button\" data-id=\"599402c\" data-element_type=\"widget\" data-e-type=\"widget\" data-widget_type=\"button.default\">\n\t\t\t\t\t\t\t\t\t\t<a class=\"elementor-button elementor-button-link elementor-size-sm\" href=\"#\">\n\t\t\t\t\t\t<span class=\"elementor-button-content-wrapper\">\n\t\t\t\t\t\t\t\t\t<span class=\"elementor-button-text\">Buy<\/span>\n\t\t\t\t\t<\/span>\n\t\t\t\t\t<\/a>\n\t\t\t\t\t\t\t\t<\/div>\n\t\t\t\t<\/div>\n\t\t\t\t<\/div>\n\t\t\t\t<\/div>\n\t\t<div class=\"elementor-element elementor-element-bc48122 e-con-full e-flex e-con e-parent\" data-id=\"bc48122\" data-element_type=\"container\" data-e-type=\"container\" data-settings=\"{&quot;background_background&quot;:&quot;classic&quot;}\">\n\t\t<div class=\"elementor-element elementor-element-d7360da e-con-full e-flex e-con e-child\" data-id=\"d7360da\" data-element_type=\"container\" data-e-type=\"container\">\n\t\t\t\t<div class=\"elementor-element elementor-element-4952fff elementor-widget elementor-widget-button\" data-id=\"4952fff\" data-element_type=\"widget\" data-e-type=\"widget\" data-widget_type=\"button.default\">\n\t\t\t\t\t\t\t\t\t\t<a class=\"elementor-button elementor-button-link elementor-size-sm\" href=\"https:\/\/xn--scootervident-hhb.store\/en\/elementor-page-399\/\">\n\t\t\t\t\t\t<span class=\"elementor-button-content-wrapper\">\n\t\t\t\t\t\t\t\t\t<span class=\"elementor-button-text\">Privacy policy<\/span>\n\t\t\t\t\t<\/span>\n\t\t\t\t\t<\/a>\n\t\t\t\t\t\t\t\t<\/div>\n\t\t\t\t<\/div>\n\t\t<div class=\"elementor-element elementor-element-024e2d2 e-con-full e-flex e-con e-child\" data-id=\"024e2d2\" data-element_type=\"container\" data-e-type=\"container\">\n\t\t\t\t<div class=\"elementor-element elementor-element-b7f8ba6 elementor-widget__width-initial elementor-widget elementor-widget-button\" data-id=\"b7f8ba6\" data-element_type=\"widget\" data-e-type=\"widget\" data-widget_type=\"button.default\">\n\t\t\t\t\t\t\t\t\t\t<a class=\"elementor-button elementor-button-link elementor-size-sm\" href=\"https:\/\/xn--scootervident-hhb.store\/en\/cgv\/?preview_id=388&#038;preview_nonce=18c8b1000f&#038;preview=true\">\n\t\t\t\t\t\t<span class=\"elementor-button-content-wrapper\">\n\t\t\t\t\t\t\t\t\t<span class=\"elementor-button-text\">GTC<\/span>\n\t\t\t\t\t<\/span>\n\t\t\t\t\t<\/a>\n\t\t\t\t\t\t\t\t<\/div>\n\t\t\t\t<\/div>\n\t\t<div class=\"elementor-element elementor-element-0eea7fa e-con-full e-flex e-con e-child\" data-id=\"0eea7fa\" data-element_type=\"container\" data-e-type=\"container\">\n\t\t\t\t<div class=\"elementor-element elementor-element-3124665 elementor-widget__width-initial elementor-widget elementor-widget-button\" data-id=\"3124665\" data-element_type=\"widget\" data-e-type=\"widget\" data-widget_type=\"button.default\">\n\t\t\t\t\t\t\t\t\t\t<a class=\"elementor-button elementor-button-link elementor-size-sm\" href=\"https:\/\/xn--scootervident-hhb.store\/wp-admin\/post.php?post=413&#038;action=elementor\">\n\t\t\t\t\t\t<span class=\"elementor-button-content-wrapper\">\n\t\t\t\t\t\t\t\t\t<span class=\"elementor-button-text\">Terms of use<\/span>\n\t\t\t\t\t<\/span>\n\t\t\t\t\t<\/a>\n\t\t\t\t\t\t\t\t<\/div>\n\t\t\t\t<\/div>\n\t\t\t\t<\/div>\n\t\t\t\t<\/div>","protected":false},"excerpt":{"rendered":"<p>NEON Lite 699\u20ac Cette trottinette \u00e9lectrique se distingue par ses \u00e9clairages circulaires \u00e0 360\u00b0 et son design moderne. Son centre de gravit\u00e9 bas assure une conduite stable et confortable, en ligne droite comme en virage.Sa conception modulaire facilite l\u2019entretien et le remplacement des pi\u00e8ces, tandis que sa batterie amovible haute [&hellip;]<\/p>\n","protected":false},"author":1,"featured_media":0,"parent":0,"menu_order":0,"comment_status":"closed","ping_status":"closed","template":"page-templates\/template-pagebuilder-full-width.php","meta":{"footnotes":""},"class_list":["post-114","page","type-page","status-publish","hentry"],"_links":{"self":[{"href":"https:\/\/xn--scootervident-hhb.store\/en\/wp-json\/wp\/v2\/pages\/114","targetHints":{"allow":["GET"]}}],"collection":[{"href":"https:\/\/xn--scootervident-hhb.store\/en\/wp-json\/wp\/v2\/pages"}],"about":[{"href":"https:\/\/xn--scootervident-hhb.store\/en\/wp-json\/wp\/v2\/types\/page"}],"author":[{"embeddable":true,"href":"https:\/\/xn--scootervident-hhb.store\/en\/wp-json\/wp\/v2\/users\/1"}],"replies":[{"embeddable":true,"href":"https:\/\/xn--scootervident-hhb.store\/en\/wp-json\/wp\/v2\/comments?post=114"}],"version-history":[{"count":38,"href":"https:\/\/xn--scootervident-hhb.store\/en\/wp-json\/wp\/v2\/pages\/114\/revisions"}],"predecessor-version":[{"id":488,"href":"https:\/\/xn--scootervident-hhb.store\/en\/wp-json\/wp\/v2\/pages\/114\/revisions\/488"}],"wp:attachment":[{"href":"https:\/\/xn--scootervident-hhb.store\/en\/wp-json\/wp\/v2\/media?parent=114"}],"curies":[{"name":"wp","href":"https:\/\/api.w.org\/{rel}","templated":true}]}}