{"id":106,"date":"2025-12-15T10:15:38","date_gmt":"2025-12-15T10:15:38","guid":{"rendered":"https:\/\/xn--scootervident-hhb.store\/?page_id=106"},"modified":"2026-01-12T19:45:41","modified_gmt":"2026-01-12T19:45:41","slug":"velo-electrique","status":"publish","type":"page","link":"https:\/\/xn--scootervident-hhb.store\/en\/velo-electrique\/","title":{"rendered":"Electric bike"},"content":{"rendered":"<div data-elementor-type=\"wp-page\" data-elementor-id=\"106\" class=\"elementor elementor-106\">\n\t\t\t\t<div class=\"elementor-element elementor-element-7309f68 e-flex e-con-boxed e-con e-parent\" data-id=\"7309f68\" data-element_type=\"container\" data-e-type=\"container\">\n\t\t\t\t\t<div class=\"e-con-inner\">\n\t\t<div class=\"elementor-element elementor-element-cc51231 e-con-full e-flex e-con e-child\" data-id=\"cc51231\" data-element_type=\"container\" data-e-type=\"container\">\n\t\t\t\t<div class=\"elementor-element elementor-element-a243ee4 elementor-widget elementor-widget-image\" data-id=\"a243ee4\" data-element_type=\"widget\" data-e-type=\"widget\" data-widget_type=\"image.default\">\n\t\t\t\t\t\t\t\t\t\t\t\t\t\t\t<img fetchpriority=\"high\" decoding=\"async\" width=\"604\" height=\"517\" src=\"https:\/\/xn--scootervident-hhb.store\/wp-content\/uploads\/2025\/12\/Velo-Himiway.png\" class=\"attachment-large size-large wp-image-61\" alt=\"v\u00e9lo dans la montagne\" srcset=\"https:\/\/xn--scootervident-hhb.store\/wp-content\/uploads\/2025\/12\/Velo-Himiway.png 604w, https:\/\/xn--scootervident-hhb.store\/wp-content\/uploads\/2025\/12\/Velo-Himiway-300x257.png 300w\" sizes=\"(max-width: 604px) 100vw, 604px\" \/>\t\t\t\t\t\t\t\t\t\t\t\t\t\t\t<\/div>\n\t\t<div class=\"elementor-element elementor-element-9424e06 e-grid e-con-full e-con e-child\" data-id=\"9424e06\" data-element_type=\"container\" data-e-type=\"container\">\n\t\t\t\t<div class=\"elementor-element elementor-element-95278db elementor-widget elementor-widget-image\" data-id=\"95278db\" data-element_type=\"widget\" data-e-type=\"widget\" data-widget_type=\"image.default\">\n\t\t\t\t\t\t\t\t\t\t\t\t\t\t\t<img decoding=\"async\" width=\"134\" height=\"125\" src=\"https:\/\/xn--scootervident-hhb.store\/wp-content\/uploads\/2026\/01\/Velo-Himiway-1.png\" class=\"attachment-large size-large wp-image-201\" alt=\"femme sur le v\u00e9lo\" srcset=\"https:\/\/xn--scootervident-hhb.store\/wp-content\/uploads\/2026\/01\/Velo-Himiway-1.png 134w, https:\/\/xn--scootervident-hhb.store\/wp-content\/uploads\/2026\/01\/Velo-Himiway-1-13x12.png 13w\" sizes=\"(max-width: 134px) 100vw, 134px\" \/>\t\t\t\t\t\t\t\t\t\t\t\t\t\t\t<\/div>\n\t\t\t\t<div class=\"elementor-element elementor-element-0109069 elementor-widget elementor-widget-image\" data-id=\"0109069\" data-element_type=\"widget\" data-e-type=\"widget\" data-widget_type=\"image.default\">\n\t\t\t\t\t\t\t\t\t\t\t\t\t\t\t<img decoding=\"async\" width=\"134\" height=\"125\" src=\"https:\/\/xn--scootervident-hhb.store\/wp-content\/uploads\/2026\/01\/Velo-Himiway-2.png\" class=\"attachment-large size-large wp-image-206\" alt=\"femme avec son v\u00e9lo assise sur un banc\" srcset=\"https:\/\/xn--scootervident-hhb.store\/wp-content\/uploads\/2026\/01\/Velo-Himiway-2.png 134w, https:\/\/xn--scootervident-hhb.store\/wp-content\/uploads\/2026\/01\/Velo-Himiway-2-13x12.png 13w\" sizes=\"(max-width: 134px) 100vw, 134px\" \/>\t\t\t\t\t\t\t\t\t\t\t\t\t\t\t<\/div>\n\t\t\t\t<div class=\"elementor-element elementor-element-7fc6d62 elementor-widget elementor-widget-image\" data-id=\"7fc6d62\" data-element_type=\"widget\" data-e-type=\"widget\" data-widget_type=\"image.default\">\n\t\t\t\t\t\t\t\t\t\t\t\t\t\t\t<img loading=\"lazy\" decoding=\"async\" width=\"134\" height=\"125\" src=\"https:\/\/xn--scootervident-hhb.store\/wp-content\/uploads\/2026\/01\/Velo-Himiway-3.png\" class=\"attachment-large size-large wp-image-207\" alt=\"femme sur le v\u00e9lo\" srcset=\"https:\/\/xn--scootervident-hhb.store\/wp-content\/uploads\/2026\/01\/Velo-Himiway-3.png 134w, https:\/\/xn--scootervident-hhb.store\/wp-content\/uploads\/2026\/01\/Velo-Himiway-3-13x12.png 13w\" sizes=\"(max-width: 134px) 100vw, 134px\" \/>\t\t\t\t\t\t\t\t\t\t\t\t\t\t\t<\/div>\n\t\t\t\t<div class=\"elementor-element elementor-element-33adafd elementor-widget elementor-widget-image\" data-id=\"33adafd\" data-element_type=\"widget\" data-e-type=\"widget\" data-widget_type=\"image.default\">\n\t\t\t\t\t\t\t\t\t\t\t\t\t\t\t<img loading=\"lazy\" decoding=\"async\" width=\"134\" height=\"125\" src=\"https:\/\/xn--scootervident-hhb.store\/wp-content\/uploads\/2026\/01\/Velo-Himiway-4.png\" class=\"attachment-large size-large wp-image-208\" alt=\"femme sur le v\u00e9lo avec un casque\" srcset=\"https:\/\/xn--scootervident-hhb.store\/wp-content\/uploads\/2026\/01\/Velo-Himiway-4.png 134w, https:\/\/xn--scootervident-hhb.store\/wp-content\/uploads\/2026\/01\/Velo-Himiway-4-13x12.png 13w\" sizes=\"(max-width: 134px) 100vw, 134px\" \/>\t\t\t\t\t\t\t\t\t\t\t\t\t\t\t<\/div>\n\t\t\t\t<\/div>\n\t\t\t\t<\/div>\n\t\t<div class=\"elementor-element elementor-element-15a6a07 e-con-full e-flex e-con e-child\" data-id=\"15a6a07\" data-element_type=\"container\" data-e-type=\"container\">\n\t\t\t\t<div class=\"elementor-element elementor-element-307b75b elementor-widget elementor-widget-heading\" data-id=\"307b75b\" data-element_type=\"widget\" data-e-type=\"widget\" data-widget_type=\"heading.default\">\n\t\t\t\t\t<h2 class=\"elementor-heading-title elementor-size-default\">Himiway<\/h2>\t\t\t\t<\/div>\n\t\t\t\t<div class=\"elementor-element elementor-element-438a2e7 elementor-widget elementor-widget-text-editor\" data-id=\"438a2e7\" data-element_type=\"widget\" data-e-type=\"widget\" data-widget_type=\"text-editor.default\">\n\t\t\t\t\t\t\t\t\t<p>1499\u20ac<\/p>\t\t\t\t\t\t\t\t<\/div>\n\t\t\t\t<div class=\"elementor-element elementor-element-6628126 elementor-widget__width-initial elementor-widget elementor-widget-text-editor\" data-id=\"6628126\" data-element_type=\"widget\" data-e-type=\"widget\" data-widget_type=\"text-editor.default\">\n\t\t\t\t\t\t\t\t\t<p>The electric bicycle, or VAE, is a bicycle equipped with pedaling assistance. Equipped with a variable-capacity battery, the electric bike will give you more or less pedaling assistance, depending on the assistance mode you select. Whether used for urban commuting or leisure sports, an EAB offers a range of up to 100 km.<\/p>\t\t\t\t\t\t\t\t<\/div>\n\t\t\t\t<div class=\"elementor-element elementor-element-0cc342f elementor-widget elementor-widget-heading\" data-id=\"0cc342f\" data-element_type=\"widget\" data-e-type=\"widget\" data-widget_type=\"heading.default\">\n\t\t\t\t\t<h2 class=\"elementor-heading-title elementor-size-default\">Configure your bike<\/h2>\t\t\t\t<\/div>\n\t\t\t\t<div class=\"elementor-element elementor-element-2c2c29e elementor-widget elementor-widget-text-editor\" data-id=\"2c2c29e\" data-element_type=\"widget\" data-e-type=\"widget\" data-widget_type=\"text-editor.default\">\n\t\t\t\t\t\t\t\t\t<p>Frame color<\/p>\t\t\t\t\t\t\t\t<\/div>\n\t\t<div class=\"elementor-element elementor-element-5b4c8bc e-grid e-con-full e-con e-child\" data-id=\"5b4c8bc\" data-element_type=\"container\" data-e-type=\"container\">\n\t\t\t\t<div class=\"elementor-element elementor-element-5a56594 elementor-view-default elementor-widget elementor-widget-icon\" data-id=\"5a56594\" data-element_type=\"widget\" data-e-type=\"widget\" data-widget_type=\"icon.default\">\n\t\t\t\t\t\t\t<div class=\"elementor-icon-wrapper\">\n\t\t\t<div class=\"elementor-icon\">\n\t\t\t<svg aria-hidden=\"true\" class=\"e-font-icon-svg e-fas-circle\" viewbox=\"0 0 512 512\" xmlns=\"http:\/\/www.w3.org\/2000\/svg\"><path d=\"M256 8C119 8 8 119 8 256s111 248 248 248 248-111 248-248S393 8 256 8z\"><\/path><\/svg>\t\t\t<\/div>\n\t\t<\/div>\n\t\t\t\t\t\t<\/div>\n\t\t\t\t<div class=\"elementor-element elementor-element-36ebb01 elementor-view-default elementor-widget elementor-widget-icon\" data-id=\"36ebb01\" data-element_type=\"widget\" data-e-type=\"widget\" data-widget_type=\"icon.default\">\n\t\t\t\t\t\t\t<div class=\"elementor-icon-wrapper\">\n\t\t\t<div class=\"elementor-icon\">\n\t\t\t<svg aria-hidden=\"true\" class=\"e-font-icon-svg e-fas-circle\" viewbox=\"0 0 512 512\" xmlns=\"http:\/\/www.w3.org\/2000\/svg\"><path d=\"M256 8C119 8 8 119 8 256s111 248 248 248 248-111 248-248S393 8 256 8z\"><\/path><\/svg>\t\t\t<\/div>\n\t\t<\/div>\n\t\t\t\t\t\t<\/div>\n\t\t\t\t<div class=\"elementor-element elementor-element-fd0131e elementor-view-default elementor-widget elementor-widget-icon\" data-id=\"fd0131e\" data-element_type=\"widget\" data-e-type=\"widget\" data-widget_type=\"icon.default\">\n\t\t\t\t\t\t\t<div class=\"elementor-icon-wrapper\">\n\t\t\t<div class=\"elementor-icon\">\n\t\t\t<svg aria-hidden=\"true\" class=\"e-font-icon-svg e-fas-circle\" viewbox=\"0 0 512 512\" xmlns=\"http:\/\/www.w3.org\/2000\/svg\"><path d=\"M256 8C119 8 8 119 8 256s111 248 248 248 248-111 248-248S393 8 256 8z\"><\/path><\/svg>\t\t\t<\/div>\n\t\t<\/div>\n\t\t\t\t\t\t<\/div>\n\t\t\t\t<div class=\"elementor-element elementor-element-8590509 elementor-view-default elementor-widget elementor-widget-icon\" data-id=\"8590509\" data-element_type=\"widget\" data-e-type=\"widget\" data-widget_type=\"icon.default\">\n\t\t\t\t\t\t\t<div class=\"elementor-icon-wrapper\">\n\t\t\t<div class=\"elementor-icon\">\n\t\t\t<svg aria-hidden=\"true\" class=\"e-font-icon-svg e-far-circle\" viewbox=\"0 0 512 512\" xmlns=\"http:\/\/www.w3.org\/2000\/svg\"><path d=\"M256 8C119 8 8 119 8 256s111 248 248 248 248-111 248-248S393 8 256 8zm0 448c-110.5 0-200-89.5-200-200S145.5 56 256 56s200 89.5 200 200-89.5 200-200 200z\"><\/path><\/svg>\t\t\t<\/div>\n\t\t<\/div>\n\t\t\t\t\t\t<\/div>\n\t\t\t\t<\/div>\n\t\t\t\t<div class=\"elementor-element elementor-element-fc96edd elementor-widget elementor-widget-text-editor\" data-id=\"fc96edd\" data-element_type=\"widget\" data-e-type=\"widget\" data-widget_type=\"text-editor.default\">\n\t\t\t\t\t\t\t\t\t<p>Wheel color<\/p>\t\t\t\t\t\t\t\t<\/div>\n\t\t<div class=\"elementor-element elementor-element-3f0d7d0 e-grid e-con-full e-con e-child\" data-id=\"3f0d7d0\" data-element_type=\"container\" data-e-type=\"container\">\n\t\t\t\t<div class=\"elementor-element elementor-element-9791558 elementor-view-default elementor-widget elementor-widget-icon\" data-id=\"9791558\" data-element_type=\"widget\" data-e-type=\"widget\" data-widget_type=\"icon.default\">\n\t\t\t\t\t\t\t<div class=\"elementor-icon-wrapper\">\n\t\t\t<div class=\"elementor-icon\">\n\t\t\t<svg aria-hidden=\"true\" class=\"e-font-icon-svg e-fas-circle\" viewbox=\"0 0 512 512\" xmlns=\"http:\/\/www.w3.org\/2000\/svg\"><path d=\"M256 8C119 8 8 119 8 256s111 248 248 248 248-111 248-248S393 8 256 8z\"><\/path><\/svg>\t\t\t<\/div>\n\t\t<\/div>\n\t\t\t\t\t\t<\/div>\n\t\t\t\t<div class=\"elementor-element elementor-element-e30f052 elementor-view-default elementor-widget elementor-widget-icon\" data-id=\"e30f052\" data-element_type=\"widget\" data-e-type=\"widget\" data-widget_type=\"icon.default\">\n\t\t\t\t\t\t\t<div class=\"elementor-icon-wrapper\">\n\t\t\t<div class=\"elementor-icon\">\n\t\t\t<svg aria-hidden=\"true\" class=\"e-font-icon-svg e-fas-circle\" viewbox=\"0 0 512 512\" xmlns=\"http:\/\/www.w3.org\/2000\/svg\"><path d=\"M256 8C119 8 8 119 8 256s111 248 248 248 248-111 248-248S393 8 256 8z\"><\/path><\/svg>\t\t\t<\/div>\n\t\t<\/div>\n\t\t\t\t\t\t<\/div>\n\t\t\t\t<div class=\"elementor-element elementor-element-e60baf5 elementor-view-default elementor-widget elementor-widget-icon\" data-id=\"e60baf5\" data-element_type=\"widget\" data-e-type=\"widget\" data-widget_type=\"icon.default\">\n\t\t\t\t\t\t\t<div class=\"elementor-icon-wrapper\">\n\t\t\t<div class=\"elementor-icon\">\n\t\t\t<svg aria-hidden=\"true\" class=\"e-font-icon-svg e-fas-circle\" viewbox=\"0 0 512 512\" xmlns=\"http:\/\/www.w3.org\/2000\/svg\"><path d=\"M256 8C119 8 8 119 8 256s111 248 248 248 248-111 248-248S393 8 256 8z\"><\/path><\/svg>\t\t\t<\/div>\n\t\t<\/div>\n\t\t\t\t\t\t<\/div>\n\t\t\t\t<div class=\"elementor-element elementor-element-dbe6a13 elementor-view-default elementor-widget elementor-widget-icon\" data-id=\"dbe6a13\" data-element_type=\"widget\" data-e-type=\"widget\" data-widget_type=\"icon.default\">\n\t\t\t\t\t\t\t<div class=\"elementor-icon-wrapper\">\n\t\t\t<div class=\"elementor-icon\">\n\t\t\t<svg aria-hidden=\"true\" class=\"e-font-icon-svg e-far-circle\" viewbox=\"0 0 512 512\" xmlns=\"http:\/\/www.w3.org\/2000\/svg\"><path d=\"M256 8C119 8 8 119 8 256s111 248 248 248 248-111 248-248S393 8 256 8zm0 448c-110.5 0-200-89.5-200-200S145.5 56 256 56s200 89.5 200 200-89.5 200-200 200z\"><\/path><\/svg>\t\t\t<\/div>\n\t\t<\/div>\n\t\t\t\t\t\t<\/div>\n\t\t\t\t<\/div>\n\t\t\t\t<div class=\"elementor-element elementor-element-c7d0784 elementor-widget elementor-widget-text-editor\" data-id=\"c7d0784\" data-element_type=\"widget\" data-e-type=\"widget\" data-widget_type=\"text-editor.default\">\n\t\t\t\t\t\t\t\t\t<p>Handlebars<\/p>\t\t\t\t\t\t\t\t<\/div>\n\t\t<div class=\"elementor-element elementor-element-7e04a6a e-grid e-con-full e-con e-child\" data-id=\"7e04a6a\" data-element_type=\"container\" data-e-type=\"container\">\n\t\t\t\t<div class=\"elementor-element elementor-element-89e9cba elementor-widget elementor-widget-image\" data-id=\"89e9cba\" data-element_type=\"widget\" data-e-type=\"widget\" data-widget_type=\"image.default\">\n\t\t\t\t\t\t\t\t\t\t\t\t<figure class=\"wp-caption\">\n\t\t\t\t\t\t\t\t\t\t<img loading=\"lazy\" decoding=\"async\" width=\"577\" height=\"265\" src=\"https:\/\/xn--scootervident-hhb.store\/wp-content\/uploads\/2026\/01\/zoom-guidon-en-alliage-sureleve-noir-123-mm-velo-m.jpg.png\" class=\"attachment-large size-large wp-image-219\" alt=\"guidon noir\" srcset=\"https:\/\/xn--scootervident-hhb.store\/wp-content\/uploads\/2026\/01\/zoom-guidon-en-alliage-sureleve-noir-123-mm-velo-m.jpg.png 577w, https:\/\/xn--scootervident-hhb.store\/wp-content\/uploads\/2026\/01\/zoom-guidon-en-alliage-sureleve-noir-123-mm-velo-m.jpg-300x138.png 300w, https:\/\/xn--scootervident-hhb.store\/wp-content\/uploads\/2026\/01\/zoom-guidon-en-alliage-sureleve-noir-123-mm-velo-m.jpg-18x8.png 18w\" sizes=\"(max-width: 577px) 100vw, 577px\" \/>\t\t\t\t\t\t\t\t\t\t\t<figcaption class=\"widget-image-caption wp-caption-text\">classic<\/figcaption>\n\t\t\t\t\t\t\t\t\t\t<\/figure>\n\t\t\t\t\t\t\t\t\t<\/div>\n\t\t\t\t<div class=\"elementor-element elementor-element-6616cb0 elementor-widget elementor-widget-image\" data-id=\"6616cb0\" data-element_type=\"widget\" data-e-type=\"widget\" data-widget_type=\"image.default\">\n\t\t\t\t\t\t\t\t\t\t\t\t<figure class=\"wp-caption\">\n\t\t\t\t\t\t\t\t\t\t<img loading=\"lazy\" decoding=\"async\" width=\"750\" height=\"212\" src=\"https:\/\/xn--scootervident-hhb.store\/wp-content\/uploads\/2026\/01\/se.super_.big_.honkin.bars_.black_1800x1800.png.webp\" class=\"attachment-large size-large wp-image-220\" alt=\"guidon noir classique\" srcset=\"https:\/\/xn--scootervident-hhb.store\/wp-content\/uploads\/2026\/01\/se.super_.big_.honkin.bars_.black_1800x1800.png.webp 800w, https:\/\/xn--scootervident-hhb.store\/wp-content\/uploads\/2026\/01\/se.super_.big_.honkin.bars_.black_1800x1800.png-300x85.webp 300w, https:\/\/xn--scootervident-hhb.store\/wp-content\/uploads\/2026\/01\/se.super_.big_.honkin.bars_.black_1800x1800.png-768x217.webp 768w, https:\/\/xn--scootervident-hhb.store\/wp-content\/uploads\/2026\/01\/se.super_.big_.honkin.bars_.black_1800x1800.png-18x5.webp 18w\" sizes=\"(max-width: 750px) 100vw, 750px\" \/>\t\t\t\t\t\t\t\t\t\t\t<figcaption class=\"widget-image-caption wp-caption-text\">large<\/figcaption>\n\t\t\t\t\t\t\t\t\t\t<\/figure>\n\t\t\t\t\t\t\t\t\t<\/div>\n\t\t\t\t<\/div>\n\t\t\t\t<div class=\"elementor-element elementor-element-31a3e74 elementor-widget elementor-widget-text-editor\" data-id=\"31a3e74\" data-element_type=\"widget\" data-e-type=\"widget\" data-widget_type=\"text-editor.default\">\n\t\t\t\t\t\t\t\t\t<p>Motorization<\/p>\t\t\t\t\t\t\t\t<\/div>\n\t\t<div class=\"elementor-element elementor-element-ea1323e e-grid e-con-full e-con e-child\" data-id=\"ea1323e\" data-element_type=\"container\" data-e-type=\"container\">\n\t\t\t\t<div class=\"elementor-element elementor-element-d6b710c elementor-widget elementor-widget-image\" data-id=\"d6b710c\" data-element_type=\"widget\" data-e-type=\"widget\" data-widget_type=\"image.default\">\n\t\t\t\t\t\t\t\t\t\t\t\t<figure class=\"wp-caption\">\n\t\t\t\t\t\t\t\t\t\t<img loading=\"lazy\" decoding=\"async\" width=\"228\" height=\"85\" src=\"https:\/\/xn--scootervident-hhb.store\/wp-content\/uploads\/2026\/01\/Capture_d_ecran_2026-01-02_a_19.46.21-removebg-preview.png\" class=\"attachment-large size-large wp-image-267\" alt=\"batterie\" srcset=\"https:\/\/xn--scootervident-hhb.store\/wp-content\/uploads\/2026\/01\/Capture_d_ecran_2026-01-02_a_19.46.21-removebg-preview.png 228w, https:\/\/xn--scootervident-hhb.store\/wp-content\/uploads\/2026\/01\/Capture_d_ecran_2026-01-02_a_19.46.21-removebg-preview-18x7.png 18w\" sizes=\"(max-width: 228px) 100vw, 228px\" \/>\t\t\t\t\t\t\t\t\t\t\t<figcaption class=\"widget-image-caption wp-caption-text\">classic<\/figcaption>\n\t\t\t\t\t\t\t\t\t\t<\/figure>\n\t\t\t\t\t\t\t\t\t<\/div>\n\t\t\t\t<div class=\"elementor-element elementor-element-9b531a7 elementor-widget elementor-widget-image\" data-id=\"9b531a7\" data-element_type=\"widget\" data-e-type=\"widget\" data-widget_type=\"image.default\">\n\t\t\t\t\t\t\t\t\t\t\t\t<figure class=\"wp-caption\">\n\t\t\t\t\t\t\t\t\t\t<img loading=\"lazy\" decoding=\"async\" width=\"231\" height=\"85\" src=\"https:\/\/xn--scootervident-hhb.store\/wp-content\/uploads\/2026\/01\/Capture_d_ecran_2026-01-02_a_19.49.06-removebg-preview.png\" class=\"attachment-large size-large wp-image-268\" alt=\"batterie puissante\" srcset=\"https:\/\/xn--scootervident-hhb.store\/wp-content\/uploads\/2026\/01\/Capture_d_ecran_2026-01-02_a_19.49.06-removebg-preview.png 231w, https:\/\/xn--scootervident-hhb.store\/wp-content\/uploads\/2026\/01\/Capture_d_ecran_2026-01-02_a_19.49.06-removebg-preview-18x7.png 18w\" sizes=\"(max-width: 231px) 100vw, 231px\" \/>\t\t\t\t\t\t\t\t\t\t\t<figcaption class=\"widget-image-caption wp-caption-text\">powerful (+120\u20ac)<\/figcaption>\n\t\t\t\t\t\t\t\t\t\t<\/figure>\n\t\t\t\t\t\t\t\t\t<\/div>\n\t\t\t\t<\/div>\n\t\t\t\t<div class=\"elementor-element elementor-element-5ac3142 elementor-align-center elementor-widget elementor-widget-button\" data-id=\"5ac3142\" data-element_type=\"widget\" data-e-type=\"widget\" data-widget_type=\"button.default\">\n\t\t\t\t\t\t\t\t\t\t<a class=\"elementor-button elementor-button-link elementor-size-sm\" href=\"#\">\n\t\t\t\t\t\t<span class=\"elementor-button-content-wrapper\">\n\t\t\t\t\t\t\t\t\t<span class=\"elementor-button-text\">Buy<\/span>\n\t\t\t\t\t<\/span>\n\t\t\t\t\t<\/a>\n\t\t\t\t\t\t\t\t<\/div>\n\t\t\t\t<\/div>\n\t\t\t\t\t<\/div>\n\t\t\t\t<\/div>\n\t\t<div class=\"elementor-element elementor-element-7d5b5cd e-con-full e-flex e-con e-parent\" data-id=\"7d5b5cd\" data-element_type=\"container\" data-e-type=\"container\" data-settings=\"{&quot;background_background&quot;:&quot;classic&quot;}\">\n\t\t<div class=\"elementor-element elementor-element-6deb014 e-con-full e-flex e-con e-child\" data-id=\"6deb014\" data-element_type=\"container\" data-e-type=\"container\">\n\t\t\t\t<div class=\"elementor-element elementor-element-5cd27fe elementor-widget elementor-widget-button\" data-id=\"5cd27fe\" data-element_type=\"widget\" data-e-type=\"widget\" data-widget_type=\"button.default\">\n\t\t\t\t\t\t\t\t\t\t<a class=\"elementor-button elementor-button-link elementor-size-sm\" href=\"https:\/\/xn--scootervident-hhb.store\/en\/elementor-page-399\/\">\n\t\t\t\t\t\t<span class=\"elementor-button-content-wrapper\">\n\t\t\t\t\t\t\t\t\t<span class=\"elementor-button-text\">Privacy policy<\/span>\n\t\t\t\t\t<\/span>\n\t\t\t\t\t<\/a>\n\t\t\t\t\t\t\t\t<\/div>\n\t\t\t\t<\/div>\n\t\t<div class=\"elementor-element elementor-element-37004d3 e-con-full e-flex e-con e-child\" data-id=\"37004d3\" data-element_type=\"container\" data-e-type=\"container\">\n\t\t\t\t<div class=\"elementor-element elementor-element-0a2a774 elementor-widget__width-initial elementor-widget elementor-widget-button\" data-id=\"0a2a774\" data-element_type=\"widget\" data-e-type=\"widget\" data-widget_type=\"button.default\">\n\t\t\t\t\t\t\t\t\t\t<a class=\"elementor-button elementor-button-link elementor-size-sm\" href=\"https:\/\/xn--scootervident-hhb.store\/en\/cgv\/?preview_id=388&#038;preview_nonce=18c8b1000f&#038;preview=true\">\n\t\t\t\t\t\t<span class=\"elementor-button-content-wrapper\">\n\t\t\t\t\t\t\t\t\t<span class=\"elementor-button-text\">GTC<\/span>\n\t\t\t\t\t<\/span>\n\t\t\t\t\t<\/a>\n\t\t\t\t\t\t\t\t<\/div>\n\t\t\t\t<\/div>\n\t\t<div class=\"elementor-element elementor-element-bd67dff e-con-full e-flex e-con e-child\" data-id=\"bd67dff\" data-element_type=\"container\" data-e-type=\"container\">\n\t\t\t\t<div class=\"elementor-element elementor-element-b4f692c elementor-widget__width-initial elementor-widget elementor-widget-button\" data-id=\"b4f692c\" data-element_type=\"widget\" data-e-type=\"widget\" data-widget_type=\"button.default\">\n\t\t\t\t\t\t\t\t\t\t<a class=\"elementor-button elementor-button-link elementor-size-sm\" href=\"https:\/\/xn--scootervident-hhb.store\/wp-admin\/post.php?post=413&#038;action=elementor\">\n\t\t\t\t\t\t<span class=\"elementor-button-content-wrapper\">\n\t\t\t\t\t\t\t\t\t<span class=\"elementor-button-text\">Terms of use<\/span>\n\t\t\t\t\t<\/span>\n\t\t\t\t\t<\/a>\n\t\t\t\t\t\t\t\t<\/div>\n\t\t\t\t<\/div>\n\t\t\t\t<\/div>\n\t\t\t\t<\/div>","protected":false},"excerpt":{"rendered":"<p>Himiway 1499\u20ac Le v\u00e9lo \u00e9lectrique, ou VAE, est un v\u00e9lo \u00e9quip\u00e9 d&rsquo;une assistance au p\u00e9dalage. Muni d&rsquo;une batterie de capacit\u00e9 variable, le v\u00e9lo \u00e9lectrique vous fera b\u00e9n\u00e9ficier d&rsquo;un accompagnement au p\u00e9dalage plus ou moins important selon le mode d&rsquo;assistance que vous aurez s\u00e9lectionn\u00e9. Qu&rsquo;il soit d\u00e9di\u00e9 \u00e0 des d\u00e9placements urbains [&hellip;]<\/p>\n","protected":false},"author":1,"featured_media":0,"parent":0,"menu_order":0,"comment_status":"closed","ping_status":"closed","template":"page-templates\/template-pagebuilder-full-width.php","meta":{"footnotes":""},"class_list":["post-106","page","type-page","status-publish","hentry"],"_links":{"self":[{"href":"https:\/\/xn--scootervident-hhb.store\/en\/wp-json\/wp\/v2\/pages\/106","targetHints":{"allow":["GET"]}}],"collection":[{"href":"https:\/\/xn--scootervident-hhb.store\/en\/wp-json\/wp\/v2\/pages"}],"about":[{"href":"https:\/\/xn--scootervident-hhb.store\/en\/wp-json\/wp\/v2\/types\/page"}],"author":[{"embeddable":true,"href":"https:\/\/xn--scootervident-hhb.store\/en\/wp-json\/wp\/v2\/users\/1"}],"replies":[{"embeddable":true,"href":"https:\/\/xn--scootervident-hhb.store\/en\/wp-json\/wp\/v2\/comments?post=106"}],"version-history":[{"count":50,"href":"https:\/\/xn--scootervident-hhb.store\/en\/wp-json\/wp\/v2\/pages\/106\/revisions"}],"predecessor-version":[{"id":491,"href":"https:\/\/xn--scootervident-hhb.store\/en\/wp-json\/wp\/v2\/pages\/106\/revisions\/491"}],"wp:attachment":[{"href":"https:\/\/xn--scootervident-hhb.store\/en\/wp-json\/wp\/v2\/media?parent=106"}],"curies":[{"name":"wp","href":"https:\/\/api.w.org\/{rel}","templated":true}]}}